{"id":108,"date":"2019-01-13T13:46:38","date_gmt":"2019-01-13T13:46:38","guid":{"rendered":"https:\/\/grauer.englisch-dolmetschen.com\/?page_id=108"},"modified":"2020-01-12T16:40:47","modified_gmt":"2020-01-12T16:40:47","slug":"dolmetschen","status":"publish","type":"page","link":"https:\/\/englisch-dolmetschen.com\/en\/leistungen\/dolmetschen","title":{"rendered":"Interpreting"},"content":{"rendered":"<h2>Simultaneous interpretation<\/h2>\n\n\n\n<p>A team consisting of most frequently 2 interpreters works in a sound-proof interpreter\u2019s booth and transfers every spoken word in the room into another language in real time. Now the audience has no problem to follow the content via headset in their mother tongue.\n\nIf needed, you can have a multi-lingual conference transferred into all the languages needed without a loss of understanding.   <\/p>\n\n\n\n<div style=\"height:20px\" aria-hidden=\"true\" class=\"wp-block-spacer\"><\/div>\n\n\n\n<h2>Consecutive interpretation<\/h2>\n\n\n\n<p>Consecutive interpreting is mostly used for receptions, dinner speeches, festive occasions and addresses.\nThe speaker gives part of his speech with the interpreter standing or sitting next to him taking notes with an individualized note-taking technique. After a few minutes the speaker pauses in his presentation to give the interpreter the opportunity to put everything that has been said so far into another language. After that, the speaker picks up his speech again and continues with the next part. <\/p>\n\n\n\n<div style=\"height:20px\" aria-hidden=\"true\" class=\"wp-block-spacer\"><\/div>\n\n\n\n<h2>Whispering interpretation\/Chuchotage<\/h2>\n\n\n\n<p>There are two types of whispering interpretation: <\/p>\n\n\n\n<ul><li>The first one lets the audience listen to the interpretation via headsets. Similar to simultaneous interpretation the interpreter renders a real-time interpretation of the spoken words. The difference is that the interpreter is not separated from the audience by an interpreter\u2019s booth. This type of whispering interpretation is frequently used for plant visits when words are spoken while moving or where due to limited space no interpreter\u2019s booth can be set up.<\/li><li>The second type of whispering interpretation can be used when only one or two foreign participants are among the audience of an event. The interpreter sits behind these attendees and \u201cwhispers\u201d into their ears in real time and in their mother tongue.<\/li><\/ul>","protected":false},"excerpt":{"rendered":"<p>Simultandolmetschen Ein Team, das meist aus 2 Konferenzdolmetschern besteht, arbeitet in einer schallisolierten Dolmetschkabine und \u00fcbertr\u00e4gt alles, was im Saal gesprochen wird, zeitgleich in eine andere Sprache. \u00dcber Kopfh\u00f6rer k\u00f6nnen die Zuh\u00f6rer dem Gesagten in ihrer Muttersprache problemlos folgen. Je nach Bedarf k\u00f6nnen Sie so eine Konferenz, auf der zwei Sprachen gesprochen werden, ohne Verst\u00e4ndnisverlust [&hellip;]<\/p>","protected":false},"author":1,"featured_media":0,"parent":16,"menu_order":1,"comment_status":"closed","ping_status":"closed","template":"","meta":[],"_links":{"self":[{"href":"https:\/\/englisch-dolmetschen.com\/en\/wp-json\/wp\/v2\/pages\/108"}],"collection":[{"href":"https:\/\/englisch-dolmetschen.com\/en\/wp-json\/wp\/v2\/pages"}],"about":[{"href":"https:\/\/englisch-dolmetschen.com\/en\/wp-json\/wp\/v2\/types\/page"}],"author":[{"embeddable":true,"href":"https:\/\/englisch-dolmetschen.com\/en\/wp-json\/wp\/v2\/users\/1"}],"replies":[{"embeddable":true,"href":"https:\/\/englisch-dolmetschen.com\/en\/wp-json\/wp\/v2\/comments?post=108"}],"version-history":[{"count":8,"href":"https:\/\/englisch-dolmetschen.com\/en\/wp-json\/wp\/v2\/pages\/108\/revisions"}],"predecessor-version":[{"id":372,"href":"https:\/\/englisch-dolmetschen.com\/en\/wp-json\/wp\/v2\/pages\/108\/revisions\/372"}],"up":[{"embeddable":true,"href":"https:\/\/englisch-dolmetschen.com\/en\/wp-json\/wp\/v2\/pages\/16"}],"wp:attachment":[{"href":"https:\/\/englisch-dolmetschen.com\/en\/wp-json\/wp\/v2\/media?parent=108"}],"curies":[{"name":"wp","href":"https:\/\/api.w.org\/{rel}","templated":true}]}}