{"id":133,"date":"2019-01-13T15:33:31","date_gmt":"2019-01-13T15:33:31","guid":{"rendered":"https:\/\/grauer.englisch-dolmetschen.com\/?page_id=133"},"modified":"2020-01-12T16:45:34","modified_gmt":"2020-01-12T16:45:34","slug":"uebersetzen","status":"publish","type":"page","link":"https:\/\/englisch-dolmetschen.com\/en\/leistungen\/uebersetzen","title":{"rendered":"Translating"},"content":{"rendered":"<p>You are searching for a competent and reliable professional to translate a written text?<\/p>\n\n\n\n<p>Whether it is advertising texts, articles, speeches, websites, information brochures, company presentations or official documents \u2013 I guarantee accurate and proper translations.<\/p>\n\n\n\n<p><\/p>","protected":false},"excerpt":{"rendered":"<p>Sie sind auf der Suche nach kompetenten und verl\u00e4sslichen \u00dcbersetzungen f\u00fcr einen schriftlichen Text? Ob es sich um Werbetexte, Artikel, Reden, Websites, Informationsbrosch\u00fcren, Pr\u00e4sentationen f\u00fcr Ihr Unternehmen oder um offizielle Dokumente handelt \u2013 ich garantiere Ihnen eine genaue und passende \u00dcbersetzung, die den gew\u00fcnschten Zweck erf\u00fcllt.<\/p>","protected":false},"author":1,"featured_media":0,"parent":16,"menu_order":0,"comment_status":"closed","ping_status":"closed","template":"","meta":[],"_links":{"self":[{"href":"https:\/\/englisch-dolmetschen.com\/en\/wp-json\/wp\/v2\/pages\/133"}],"collection":[{"href":"https:\/\/englisch-dolmetschen.com\/en\/wp-json\/wp\/v2\/pages"}],"about":[{"href":"https:\/\/englisch-dolmetschen.com\/en\/wp-json\/wp\/v2\/types\/page"}],"author":[{"embeddable":true,"href":"https:\/\/englisch-dolmetschen.com\/en\/wp-json\/wp\/v2\/users\/1"}],"replies":[{"embeddable":true,"href":"https:\/\/englisch-dolmetschen.com\/en\/wp-json\/wp\/v2\/comments?post=133"}],"version-history":[{"count":4,"href":"https:\/\/englisch-dolmetschen.com\/en\/wp-json\/wp\/v2\/pages\/133\/revisions"}],"predecessor-version":[{"id":374,"href":"https:\/\/englisch-dolmetschen.com\/en\/wp-json\/wp\/v2\/pages\/133\/revisions\/374"}],"up":[{"embeddable":true,"href":"https:\/\/englisch-dolmetschen.com\/en\/wp-json\/wp\/v2\/pages\/16"}],"wp:attachment":[{"href":"https:\/\/englisch-dolmetschen.com\/en\/wp-json\/wp\/v2\/media?parent=133"}],"curies":[{"name":"wp","href":"https:\/\/api.w.org\/{rel}","templated":true}]}}