{"id":150,"date":"2019-01-13T17:02:15","date_gmt":"2019-01-13T17:02:15","guid":{"rendered":"https:\/\/grauer.englisch-dolmetschen.com\/?page_id=150"},"modified":"2020-01-12T16:43:54","modified_gmt":"2020-01-12T16:43:54","slug":"organisation-und-konferenztechnik","status":"publish","type":"page","link":"https:\/\/englisch-dolmetschen.com\/en\/leistungen\/organisation-und-konferenztechnik","title":{"rendered":"Organization &amp; Conference Equipment"},"content":{"rendered":"<p>Whether you need one interpreter for one language or a team of interpreters for multiple languages \u2013 we cooperate with experienced and first-class interpreters throughout Germany and can put together a competent team for any language. We provide you with tailor-made language services from one source.<\/p>\n\n\n\n<p>As we cooperate with the leading technology providers, we can also offer you the entire organization of the technical aspect of interpreting, so that you can focus on the content.<\/p>","protected":false},"excerpt":{"rendered":"<p>Egal, ob Sie einen Dolmetscher f\u00fcr eine Sprache oder mehrere Dolmetscher f\u00fcr verschiedene Sprachen ben\u00f6tigen, ich arbeite mit erfahrenen und erstklassigen Dolmetschern in ganz Deutschland zusammen und kann Ihnen f\u00fcr jede Sprache ein kompetentes Team zusammenstellen. Ich liefere Ihnen die auf Ihre W\u00fcnsche zugeschnittenen Sprachdienstleistungen aus einer Hand. Durch meine Zusammenarbeit mit den f\u00fchrenden Technikanbietern [&hellip;]<\/p>","protected":false},"author":1,"featured_media":0,"parent":16,"menu_order":0,"comment_status":"closed","ping_status":"closed","template":"","meta":[],"_links":{"self":[{"href":"https:\/\/englisch-dolmetschen.com\/en\/wp-json\/wp\/v2\/pages\/150"}],"collection":[{"href":"https:\/\/englisch-dolmetschen.com\/en\/wp-json\/wp\/v2\/pages"}],"about":[{"href":"https:\/\/englisch-dolmetschen.com\/en\/wp-json\/wp\/v2\/types\/page"}],"author":[{"embeddable":true,"href":"https:\/\/englisch-dolmetschen.com\/en\/wp-json\/wp\/v2\/users\/1"}],"replies":[{"embeddable":true,"href":"https:\/\/englisch-dolmetschen.com\/en\/wp-json\/wp\/v2\/comments?post=150"}],"version-history":[{"count":3,"href":"https:\/\/englisch-dolmetschen.com\/en\/wp-json\/wp\/v2\/pages\/150\/revisions"}],"predecessor-version":[{"id":373,"href":"https:\/\/englisch-dolmetschen.com\/en\/wp-json\/wp\/v2\/pages\/150\/revisions\/373"}],"up":[{"embeddable":true,"href":"https:\/\/englisch-dolmetschen.com\/en\/wp-json\/wp\/v2\/pages\/16"}],"wp:attachment":[{"href":"https:\/\/englisch-dolmetschen.com\/en\/wp-json\/wp\/v2\/media?parent=150"}],"curies":[{"name":"wp","href":"https:\/\/api.w.org\/{rel}","templated":true}]}}