{"id":16,"date":"2018-05-21T17:28:34","date_gmt":"2018-05-21T17:28:34","guid":{"rendered":"https:\/\/grauer.englisch-dolmetschen.com\/?page_id=16"},"modified":"2020-01-12T15:21:06","modified_gmt":"2020-01-12T15:21:06","slug":"leistungen","status":"publish","type":"page","link":"https:\/\/englisch-dolmetschen.com\/en\/leistungen","title":{"rendered":"Services"},"content":{"rendered":"<p style=\"color:#0033cc\" class=\"has-text-color\"><strong>Interpreting, translation, conference organization, conference technology or an accompanying interpreter for delegations: whatever your needs may be we deliver successful communication.<\/strong><\/p>\n\n\n\n<p><strong>&nbsp;<\/strong><\/p>\n\n\n\n<div style=\"height:20px\" aria-hidden=\"true\" class=\"wp-block-spacer\"><\/div>\n\n\n\n<h4>Interpreting<\/h4>\n\n\n\n<p>Conference interpreters make sure that there is smooth communication at a conference, a business meeting or an event with an international audience so that everybody can speak and follow in their native languages.<\/p>\n\n\n\n<div style=\"height:20px\" aria-hidden=\"true\" class=\"wp-block-spacer\"><\/div>\n\n\n\n<h4>Organization &amp; Conference Equipment<\/h4>\n\n\n\n<p>Whether you need one interpreter for one language or a team of interpreters for multiple languages \u2013 I cooperate with experienced and first-class interpreters throughout Germany and can put together a competent team for any language.<\/p>\n\n\n\n<div style=\"height:20px\" aria-hidden=\"true\" class=\"wp-block-spacer\"><\/div>\n\n\n\n<div style=\"height:20px\" aria-hidden=\"true\" class=\"wp-block-spacer\"><\/div>\n\n\n\n<h4>Translating<\/h4>\n\n\n\n<p>Whether it is advertising texts, articles, speeches, websites, information brochures, company presentations or official documents \u2013 I guarantee accurate and proper translations.  <\/p>\n\n\n\n<div style=\"height:20px\" aria-hidden=\"true\" class=\"wp-block-spacer\"><\/div>\n\n\n\n<div class=\"wp-block-button alignleft\"><a class=\"wp-block-button__link has-background no-border-radius\" href=\"https:\/\/grauer.englisch-dolmetschen.com\/leistungen\/dolmetschen\" style=\"background-color:#0033cc\">Interpreting<\/a><\/div>\n\n\n\n<div class=\"wp-block-button alignleft\"><a class=\"wp-block-button__link has-background no-border-radius\" href=\"https:\/\/grauer.englisch-dolmetschen.com\/leistungen\/organisation-und-konferenztechnik\" style=\"background-color:#0033cc\">Organization &amp; Conference Equipment<\/a><\/div>\n\n\n\n<div class=\"wp-block-button alignleft\"><a class=\"wp-block-button__link has-background no-border-radius\" href=\"https:\/\/grauer.englisch-dolmetschen.com\/leistungen\/uebersetzen\" style=\"background-color:#0033cc\">Translating<\/a><\/div>","protected":false},"excerpt":{"rendered":"<p>Ob Dolmetschen, \u00dcbersetzen, Konferenzorganisation, Konferenztechnik oder Begleitung einer Delegation: was auch immer Ihre Bed\u00fcrfnisse sein m\u00f6gen &#8211; ich biete Ihnen eine gelungene Kommunikation. &nbsp; Dolmetschen Konferenzdolmetscher sorgen daf\u00fcr, dass die Kommunikation auf einer Konferenz, einem Gesch\u00e4ftstreffen oder einer Veranstaltung mit internationalem Publikum reibungslos abl\u00e4uft und alle in ihrer Muttersprache sprechen und zuh\u00f6ren k\u00f6nnen. Organisation und [&hellip;]<\/p>","protected":false},"author":1,"featured_media":0,"parent":0,"menu_order":0,"comment_status":"closed","ping_status":"closed","template":"Page-fullwidth.php","meta":[],"_links":{"self":[{"href":"https:\/\/englisch-dolmetschen.com\/en\/wp-json\/wp\/v2\/pages\/16"}],"collection":[{"href":"https:\/\/englisch-dolmetschen.com\/en\/wp-json\/wp\/v2\/pages"}],"about":[{"href":"https:\/\/englisch-dolmetschen.com\/en\/wp-json\/wp\/v2\/types\/page"}],"author":[{"embeddable":true,"href":"https:\/\/englisch-dolmetschen.com\/en\/wp-json\/wp\/v2\/users\/1"}],"replies":[{"embeddable":true,"href":"https:\/\/englisch-dolmetschen.com\/en\/wp-json\/wp\/v2\/comments?post=16"}],"version-history":[{"count":31,"href":"https:\/\/englisch-dolmetschen.com\/en\/wp-json\/wp\/v2\/pages\/16\/revisions"}],"predecessor-version":[{"id":366,"href":"https:\/\/englisch-dolmetschen.com\/en\/wp-json\/wp\/v2\/pages\/16\/revisions\/366"}],"wp:attachment":[{"href":"https:\/\/englisch-dolmetschen.com\/en\/wp-json\/wp\/v2\/media?parent=16"}],"curies":[{"name":"wp","href":"https:\/\/api.w.org\/{rel}","templated":true}]}}