{"id":18,"date":"2018-05-21T21:41:14","date_gmt":"2018-05-21T21:41:14","guid":{"rendered":"https:\/\/grauer.englisch-dolmetschen.com\/?page_id=18"},"modified":"2021-11-24T13:50:39","modified_gmt":"2021-11-24T13:50:39","slug":"referenzen","status":"publish","type":"page","link":"https:\/\/englisch-dolmetschen.com\/en\/referenzen","title":{"rendered":"References"},"content":{"rendered":"<h4>A selection of organizations I interpret for:<\/h4>\r\n\r\n\r\n\r\n<ul>\r\n<li>German Foreign Office<\/li>\r\n<li>Office of the Federal President<\/li>\r\n<li>Ministry of Defense<\/li>\r\n<li>Ministry of the Interior<\/li>\r\n<li>German Bundestag<\/li>\r\n<li>Bertelsmann Stiftung<\/li>\r\n<li>\"Morgenmagazin\" morning show for German TV broadcaster zdf<\/li>\r\n<li>Council of Europe<\/li>\r\n<li>Senat of Berlin<\/li>\r\n<li>Hertha BSC<\/li>\r\n<li>L&#8217;Or\u00e9al<\/li>\r\n<li>eurovia<\/li>\r\n<li>Berlin International Film Festival<\/li>\r\n<li>Uefa<\/li>\r\n<\/ul>\r\n\r\n\r\n\r\n<figure class=\"is-layout-flex wp-block-gallery-1 wp-block-gallery columns-6\">\r\n<ul class=\"blocks-gallery-grid\">\r\n<li class=\"blocks-gallery-item\">\r\n<figure><img decoding=\"async\" loading=\"lazy\" width=\"800\" height=\"450\" class=\"wp-image-296\" src=\"https:\/\/grauer.englisch-dolmetschen.com\/wp-content\/uploads\/2019\/03\/bt.png\" alt=\"\" data-id=\"296\" data-link=\"https:\/\/grauer.englisch-dolmetschen.com\/bt\" srcset=\"https:\/\/englisch-dolmetschen.com\/wp-content\/uploads\/2019\/03\/bt.png 800w, https:\/\/englisch-dolmetschen.com\/wp-content\/uploads\/2019\/03\/bt-300x169.png 300w, https:\/\/englisch-dolmetschen.com\/wp-content\/uploads\/2019\/03\/bt-768x432.png 768w\" sizes=\"(max-width: 800px) 100vw, 800px\" \/><\/figure>\r\n<\/li>\r\n<li class=\"blocks-gallery-item\">\r\n<figure><img decoding=\"async\" loading=\"lazy\" width=\"326\" height=\"180\" class=\"wp-image-294\" src=\"https:\/\/grauer.englisch-dolmetschen.com\/wp-content\/uploads\/2019\/03\/aa.jpeg\" alt=\"\" data-id=\"294\" data-link=\"https:\/\/grauer.englisch-dolmetschen.com\/aa\" srcset=\"https:\/\/englisch-dolmetschen.com\/wp-content\/uploads\/2019\/03\/aa.jpeg 326w, https:\/\/englisch-dolmetschen.com\/wp-content\/uploads\/2019\/03\/aa-300x166.jpeg 300w\" sizes=\"(max-width: 326px) 100vw, 326px\" \/><\/figure>\r\n<\/li>\r\n<li class=\"blocks-gallery-item\">\r\n<figure><img decoding=\"async\" loading=\"lazy\" width=\"380\" height=\"228\" class=\"wp-image-295\" src=\"https:\/\/grauer.englisch-dolmetschen.com\/wp-content\/uploads\/2019\/03\/bpb.png\" alt=\"\" data-id=\"295\" data-link=\"https:\/\/grauer.englisch-dolmetschen.com\/bpb\" srcset=\"https:\/\/englisch-dolmetschen.com\/wp-content\/uploads\/2019\/03\/bpb.png 380w, https:\/\/englisch-dolmetschen.com\/wp-content\/uploads\/2019\/03\/bpb-300x180.png 300w\" sizes=\"(max-width: 380px) 100vw, 380px\" \/><\/figure>\r\n<\/li>\r\n<li class=\"blocks-gallery-item\">\r\n<figure><img decoding=\"async\" loading=\"lazy\" width=\"474\" height=\"266\" class=\"wp-image-299\" src=\"https:\/\/grauer.englisch-dolmetschen.com\/wp-content\/uploads\/2019\/03\/mercator.jpeg\" alt=\"\" data-id=\"299\" data-link=\"https:\/\/grauer.englisch-dolmetschen.com\/mercator\" srcset=\"https:\/\/englisch-dolmetschen.com\/wp-content\/uploads\/2019\/03\/mercator.jpeg 474w, https:\/\/englisch-dolmetschen.com\/wp-content\/uploads\/2019\/03\/mercator-300x168.jpeg 300w\" sizes=\"(max-width: 474px) 100vw, 474px\" \/><\/figure>\r\n<\/li>\r\n<li class=\"blocks-gallery-item\">\r\n<figure><img decoding=\"async\" loading=\"lazy\" width=\"1024\" height=\"768\" class=\"wp-image-300\" src=\"https:\/\/grauer.englisch-dolmetschen.com\/wp-content\/uploads\/2019\/03\/spk-1024x768.png\" alt=\"\" data-id=\"300\" data-link=\"https:\/\/grauer.englisch-dolmetschen.com\/spk\" srcset=\"https:\/\/englisch-dolmetschen.com\/wp-content\/uploads\/2019\/03\/spk.png 1024w, https:\/\/englisch-dolmetschen.com\/wp-content\/uploads\/2019\/03\/spk-300x225.png 300w, https:\/\/englisch-dolmetschen.com\/wp-content\/uploads\/2019\/03\/spk-768x576.png 768w\" sizes=\"(max-width: 1024px) 100vw, 1024px\" \/><\/figure>\r\n<\/li>\r\n<li class=\"blocks-gallery-item\">\r\n<figure><img decoding=\"async\" loading=\"lazy\" width=\"474\" height=\"275\" class=\"wp-image-303\" src=\"https:\/\/grauer.englisch-dolmetschen.com\/wp-content\/uploads\/2019\/03\/zdf.jpeg\" alt=\"\" data-id=\"303\" data-link=\"https:\/\/grauer.englisch-dolmetschen.com\/zdf\" srcset=\"https:\/\/englisch-dolmetschen.com\/wp-content\/uploads\/2019\/03\/zdf.jpeg 474w, https:\/\/englisch-dolmetschen.com\/wp-content\/uploads\/2019\/03\/zdf-300x174.jpeg 300w\" sizes=\"(max-width: 474px) 100vw, 474px\" \/><\/figure>\r\n<\/li>\r\n<li class=\"blocks-gallery-item\">\r\n<figure><img decoding=\"async\" loading=\"lazy\" width=\"1024\" height=\"512\" class=\"wp-image-297\" src=\"https:\/\/grauer.englisch-dolmetschen.com\/wp-content\/uploads\/2019\/03\/eon-1024x512.png\" alt=\"\" data-id=\"297\" data-link=\"https:\/\/grauer.englisch-dolmetschen.com\/eon\" srcset=\"https:\/\/englisch-dolmetschen.com\/wp-content\/uploads\/2019\/03\/eon-1024x512.png 1024w, https:\/\/englisch-dolmetschen.com\/wp-content\/uploads\/2019\/03\/eon-300x150.png 300w, https:\/\/englisch-dolmetschen.com\/wp-content\/uploads\/2019\/03\/eon-768x384.png 768w, https:\/\/englisch-dolmetschen.com\/wp-content\/uploads\/2019\/03\/eon.png 1500w\" sizes=\"(max-width: 1024px) 100vw, 1024px\" \/><\/figure>\r\n<\/li>\r\n<li class=\"blocks-gallery-item\">\r\n<figure><img decoding=\"async\" loading=\"lazy\" width=\"1024\" height=\"624\" class=\"wp-image-304\" src=\"https:\/\/grauer.englisch-dolmetschen.com\/wp-content\/uploads\/2019\/03\/zeit-1024x624.png\" alt=\"\" data-id=\"304\" data-link=\"https:\/\/grauer.englisch-dolmetschen.com\/zeit\" srcset=\"https:\/\/englisch-dolmetschen.com\/wp-content\/uploads\/2019\/03\/zeit-1024x624.png 1024w, https:\/\/englisch-dolmetschen.com\/wp-content\/uploads\/2019\/03\/zeit-300x183.png 300w, https:\/\/englisch-dolmetschen.com\/wp-content\/uploads\/2019\/03\/zeit-768x468.png 768w, https:\/\/englisch-dolmetschen.com\/wp-content\/uploads\/2019\/03\/zeit.png 1280w\" sizes=\"(max-width: 1024px) 100vw, 1024px\" \/><\/figure>\r\n<\/li>\r\n<li class=\"blocks-gallery-item\">\r\n<figure><img decoding=\"async\" loading=\"lazy\" width=\"960\" height=\"912\" class=\"wp-image-298\" src=\"https:\/\/grauer.englisch-dolmetschen.com\/wp-content\/uploads\/2019\/03\/gew.jpeg\" alt=\"\" data-id=\"298\" data-link=\"https:\/\/grauer.englisch-dolmetschen.com\/gew\" srcset=\"https:\/\/englisch-dolmetschen.com\/wp-content\/uploads\/2019\/03\/gew.jpeg 960w, https:\/\/englisch-dolmetschen.com\/wp-content\/uploads\/2019\/03\/gew-300x285.jpeg 300w, https:\/\/englisch-dolmetschen.com\/wp-content\/uploads\/2019\/03\/gew-768x730.jpeg 768w\" sizes=\"(max-width: 960px) 100vw, 960px\" \/><\/figure>\r\n<\/li>\r\n<li class=\"blocks-gallery-item\">\r\n<figure><img decoding=\"async\" loading=\"lazy\" width=\"360\" height=\"180\" class=\"wp-image-302\" src=\"https:\/\/grauer.englisch-dolmetschen.com\/wp-content\/uploads\/2019\/03\/wempe.png\" alt=\"\" data-id=\"302\" data-link=\"https:\/\/grauer.englisch-dolmetschen.com\/wempe\" srcset=\"https:\/\/englisch-dolmetschen.com\/wp-content\/uploads\/2019\/03\/wempe.png 360w, https:\/\/englisch-dolmetschen.com\/wp-content\/uploads\/2019\/03\/wempe-300x150.png 300w\" sizes=\"(max-width: 360px) 100vw, 360px\" \/><\/figure>\r\n<\/li>\r\n<li class=\"blocks-gallery-item\">\r\n<figure><img decoding=\"async\" loading=\"lazy\" width=\"500\" height=\"316\" class=\"wp-image-301\" src=\"https:\/\/grauer.englisch-dolmetschen.com\/wp-content\/uploads\/2019\/03\/vinci.jpeg\" alt=\"\" data-id=\"301\" data-link=\"https:\/\/grauer.englisch-dolmetschen.com\/vinci\" srcset=\"https:\/\/englisch-dolmetschen.com\/wp-content\/uploads\/2019\/03\/vinci.jpeg 500w, https:\/\/englisch-dolmetschen.com\/wp-content\/uploads\/2019\/03\/vinci-300x190.jpeg 300w\" sizes=\"(max-width: 500px) 100vw, 500px\" \/><\/figure>\r\n<\/li>\r\n<\/ul>\r\n<\/figure>\r\n\r\n\r\n\r\n<p>&nbsp;<\/p>\r\n\r\n\r\n\r\n<h4>Press review<\/h4>\r\n\r\n\r\n\r\n<p><a href=\"https:\/\/englisch-dolmetschen.com\/wp-content\/uploads\/2019\/02\/MAZ_090903.pdf\" target=\"_blank\" rel=\"noreferrer noopener\" aria-label=\" (\u00f6ffnet in neuem Tab)\">Die Stimme aus der zweiten Reihe: Als Dolmetscher \u00fcbersetzt Marcus Grauer auf Konferenzen und Messen (PDF)<\/a><\/p>\r\n<p style=\"margin-top:15px\"><a href=\"https:\/\/englisch-dolmetschen.com\/wp-content\/uploads\/2021\/11\/WamS.pdf\" target=\"_blank\" rel=\"noreferrer noopener\" aria-label=\" (\u00f6ffnet in neuem Tab)\">Wie es ist &#8211; Bei sensiblen Gespr\u00e4chsthemen gehen sofort die Alarmaglocken an (PDF)<\/a><\/p>","protected":false},"excerpt":{"rendered":"<p>Auszug der Organisationen, f\u00fcr die ich arbeite: Ausw\u00e4rtiges Amt Bundespr\u00e4sidialamt Bundesministerium der Verteidigung Bundesministerium des Innern Deutscher Bundestag Bertelsmann Stiftung zdf Morgenmagazin Europarat Berliner Senat Hertha BSC L&#8217;Or\u00e9al eurovia Internationale Filmfestspiele Berlin Uefa &nbsp; Auszug aus der Presse: Die Stimme aus der zweiten Reihe: Als Dolmetscher \u00fcbersetzt Marcus Grauer auf Konferenzen und Messen (PDF) Wie [&hellip;]<\/p>","protected":false},"author":1,"featured_media":0,"parent":0,"menu_order":0,"comment_status":"closed","ping_status":"closed","template":"Page-fullwidth.php","meta":[],"_links":{"self":[{"href":"https:\/\/englisch-dolmetschen.com\/en\/wp-json\/wp\/v2\/pages\/18"}],"collection":[{"href":"https:\/\/englisch-dolmetschen.com\/en\/wp-json\/wp\/v2\/pages"}],"about":[{"href":"https:\/\/englisch-dolmetschen.com\/en\/wp-json\/wp\/v2\/types\/page"}],"author":[{"embeddable":true,"href":"https:\/\/englisch-dolmetschen.com\/en\/wp-json\/wp\/v2\/users\/1"}],"replies":[{"embeddable":true,"href":"https:\/\/englisch-dolmetschen.com\/en\/wp-json\/wp\/v2\/comments?post=18"}],"version-history":[{"count":17,"href":"https:\/\/englisch-dolmetschen.com\/en\/wp-json\/wp\/v2\/pages\/18\/revisions"}],"predecessor-version":[{"id":465,"href":"https:\/\/englisch-dolmetschen.com\/en\/wp-json\/wp\/v2\/pages\/18\/revisions\/465"}],"wp:attachment":[{"href":"https:\/\/englisch-dolmetschen.com\/en\/wp-json\/wp\/v2\/media?parent=18"}],"curies":[{"name":"wp","href":"https:\/\/api.w.org\/{rel}","templated":true}]}}